{"id":26,"date":"2025-11-20T09:30:43","date_gmt":"2025-11-20T08:30:43","guid":{"rendered":"https:\/\/rtlfoods.fr\/?page_id=26"},"modified":"2026-03-31T13:22:18","modified_gmt":"2026-03-31T11:22:18","slug":"contact","status":"publish","type":"page","link":"https:\/\/rtlfoods.fr\/fr\/contact\/","title":{"rendered":"Contact"},"content":{"rendered":"\t\t<div data-elementor-type=\"wp-page\" data-elementor-id=\"26\" class=\"elementor elementor-26\" data-elementor-post-type=\"page\">\n\t\t\t\t<div class=\"elementor-element elementor-element-836bc92 e-flex e-con-boxed e-con e-parent\" data-id=\"836bc92\" data-element_type=\"container\" data-e-type=\"container\">\n\t\t\t\t\t<div class=\"e-con-inner\">\n\t\t<div class=\"elementor-element elementor-element-57af5be e-con-full e-flex e-con e-child\" data-id=\"57af5be\" data-element_type=\"container\" data-e-type=\"container\">\n\t\t\t\t<div data-dce-title-color=\"#183E3E\" class=\"elementor-element elementor-element-115d2c9 elementor-widget elementor-widget-heading\" data-id=\"115d2c9\" data-element_type=\"widget\" data-e-type=\"widget\" data-widget_type=\"heading.default\">\n\t\t\t\t\t<h1 class=\"elementor-heading-title elementor-size-default\">Neem contact op met ons.<\/h1>\t\t\t\t<\/div>\n\t\t\t\t<\/div>\n\t\t\t\t<div class=\"elementor-element elementor-element-3313187 elementor-icon-list--layout-inline elementor-hidden-mobile animated-slow elementor-list-item-link-full_width elementor-invisible elementor-widget elementor-widget-icon-list\" data-id=\"3313187\" data-element_type=\"widget\" data-e-type=\"widget\" data-settings=\"{&quot;_animation&quot;:&quot;fadeIn&quot;,&quot;_animation_delay&quot;:800}\" data-widget_type=\"icon-list.default\">\n\t\t\t\t\t\t\t<ul class=\"elementor-icon-list-items elementor-inline-items\">\n\t\t\t\t\t\t\t<li class=\"elementor-icon-list-item elementor-inline-item\">\n\t\t\t\t\t\t\t\t\t\t\t<a href=\"https:\/\/www.facebook.com\/rtlpatat\" target=\"_blank\" rel=\"nofollow noopener\">\n\n\t\t\t\t\t\t\t\t\t\t\t\t<span class=\"elementor-icon-list-icon\">\n\t\t\t\t\t\t\t<svg xmlns=\"http:\/\/www.w3.org\/2000\/svg\" width=\"25.285\" height=\"25.285\" viewBox=\"0 0 25.285 25.285\"><g id=\"Group_643\" data-name=\"Group 643\" transform=\"translate(12650.285 -5342)\"><g id=\"Ellipse_47\" data-name=\"Ellipse 47\" transform=\"translate(-12650.285 5342)\" fill=\"none\" stroke=\"#99b3b1\" stroke-width=\"1\"><circle cx=\"12.643\" cy=\"12.643\" r=\"12.643\" stroke=\"none\"><\/circle><circle cx=\"12.643\" cy=\"12.643\" r=\"12.143\" fill=\"none\"><\/circle><\/g><path id=\"Path_309\" data-name=\"Path 309\" d=\"M5.823,50.048l-1.618,0A2.451,2.451,0,0,0,1.623,52.7v1.221H0v2.209H1.623l0,4.685H3.892l0-4.685H5.756V53.917H3.894V52.881c0-.5.118-.75.766-.75H5.818Z\" transform=\"translate(-12640.554 5299.215)\" fill=\"#99b3b1\"><\/path><\/g><\/svg>\t\t\t\t\t\t<\/span>\n\t\t\t\t\t\t\t\t\t\t<span class=\"elementor-icon-list-text\"><\/span>\n\t\t\t\t\t\t\t\t\t\t\t<\/a>\n\t\t\t\t\t\t\t\t\t<\/li>\n\t\t\t\t\t\t<\/ul>\n\t\t\t\t\t\t<\/div>\n\t\t\t\t\t<\/div>\n\t\t\t\t<\/div>\n\t\t<div class=\"elementor-element elementor-element-ba8b9a0 e-flex e-con-boxed e-con e-parent\" data-id=\"ba8b9a0\" data-element_type=\"container\" data-e-type=\"container\">\n\t\t\t\t\t<div class=\"e-con-inner\">\n\t\t<div class=\"elementor-element elementor-element-60b43a0 e-con-full e-flex e-con e-child\" data-id=\"60b43a0\" data-element_type=\"container\" data-e-type=\"container\">\n\t\t\t\t<div class=\"elementor-element elementor-element-bd69fa8 animated-slow elementor-invisible elementor-widget elementor-widget-heading\" data-id=\"bd69fa8\" data-element_type=\"widget\" data-e-type=\"widget\" data-settings=\"{&quot;_animation&quot;:&quot;fadeIn&quot;}\" data-widget_type=\"heading.default\">\n\t\t\t\t\t<h2 class=\"elementor-heading-title elementor-size-default\">Je kan ons bereiken op<\/h2>\t\t\t\t<\/div>\n\t\t<div class=\"elementor-element elementor-element-18dcbef e-con-full animated-slow e-flex elementor-invisible e-con e-child\" data-id=\"18dcbef\" data-element_type=\"container\" data-e-type=\"container\" data-settings=\"{&quot;animation&quot;:&quot;fadeIn&quot;,&quot;animation_delay&quot;:400}\">\n\t\t<div class=\"elementor-element elementor-element-308de15 e-con-full e-flex e-con e-child\" data-id=\"308de15\" data-element_type=\"container\" data-e-type=\"container\">\n\t\t\t\t<div class=\"elementor-element elementor-element-c013432 elementor-widget elementor-widget-text-editor\" data-id=\"c013432\" data-element_type=\"widget\" data-e-type=\"widget\" data-widget_type=\"text-editor.default\">\n\t\t\t\t\t\t\t\t\t<p>Tel: <a href=\"tel:+33189884260\">+33 1 89 88 42 60<\/a><br \/>GSM: <a href=\"tel:+32499536888\">+32 499 53 68 88<\/a><\/p>\t\t\t\t\t\t\t\t<\/div>\n\t\t\t\t<\/div>\n\t\t<div class=\"elementor-element elementor-element-6ee0269 e-con-full e-flex e-con e-child\" data-id=\"6ee0269\" data-element_type=\"container\" data-e-type=\"container\">\n\t\t\t\t<div class=\"elementor-element elementor-element-2d4cb34 elementor-widget elementor-widget-text-editor\" data-id=\"2d4cb34\" data-element_type=\"widget\" data-e-type=\"widget\" data-widget_type=\"text-editor.default\">\n\t\t\t\t\t\t\t\t\t<p><a href=\"mailto:rik@rtlpatat.be\">rik@rtlpatat.be<\/a><br \/><a href=\"mailto:remy@rtlpatat.be\">remy@rtlpatat.be<\/a><\/p>\t\t\t\t\t\t\t\t<\/div>\n\t\t\t\t<\/div>\n\t\t\t\t<\/div>\n\t\t<div class=\"elementor-element elementor-element-c4feeaa e-con-full animated-slow e-flex elementor-invisible e-con e-child\" data-id=\"c4feeaa\" data-element_type=\"container\" data-e-type=\"container\" data-settings=\"{&quot;animation&quot;:&quot;fadeIn&quot;,&quot;animation_delay&quot;:800}\">\n\t\t<div class=\"elementor-element elementor-element-6600060 e-con-full e-flex e-con e-child\" data-id=\"6600060\" data-element_type=\"container\" data-e-type=\"container\">\n\t\t\t\t<div class=\"elementor-element elementor-element-b0e845e elementor-widget elementor-widget-heading\" data-id=\"b0e845e\" data-element_type=\"widget\" data-e-type=\"widget\" data-widget_type=\"heading.default\">\n\t\t\t\t\t<h2 class=\"elementor-heading-title elementor-size-default\">Adres<\/h2>\t\t\t\t<\/div>\n\t\t\t\t<div class=\"elementor-element elementor-element-1f6bf17 elementor-widget elementor-widget-text-editor\" data-id=\"1f6bf17\" data-element_type=\"widget\" data-e-type=\"widget\" data-widget_type=\"text-editor.default\">\n\t\t\t\t\t\t\t\t\t<div class=\"elementor-element elementor-element-37ed496 elementor-widget elementor-widget-text-editor\" data-id=\"37ed496\" data-element_type=\"widget\" data-widget_type=\"text-editor.default\"><p><a href=\"https:\/\/maps.app.goo.gl\/czqmZFdNDqHBJYiY8\" target=\"_blank\" rel=\"noopener\">14-16 ZAC Chemin de la<\/a><br \/><a href=\"https:\/\/maps.app.goo.gl\/czqmZFdNDqHBJYiY8\" target=\"_blank\" rel=\"noopener\">Cavale rouge<\/a><br \/><a href=\"https:\/\/maps.app.goo.gl\/czqmZFdNDqHBJYiY8\" target=\"_blank\" rel=\"noopener\">59250 Halluin (France)<\/a><br \/>BTW BE 0480672315<\/p><\/div>\t\t\t\t\t\t\t\t<\/div>\n\t\t\t\t<\/div>\n\t\t\t\t<\/div>\n\t\t\t\t<div class=\"elementor-element elementor-element-21bba20 elementor-icon-list--layout-inline elementor-hidden-desktop elementor-hidden-tablet animated-slow elementor-list-item-link-full_width elementor-invisible elementor-widget elementor-widget-icon-list\" data-id=\"21bba20\" data-element_type=\"widget\" data-e-type=\"widget\" data-settings=\"{&quot;_animation&quot;:&quot;fadeIn&quot;,&quot;_animation_delay&quot;:800}\" data-widget_type=\"icon-list.default\">\n\t\t\t\t\t\t\t<ul class=\"elementor-icon-list-items elementor-inline-items\">\n\t\t\t\t\t\t\t<li class=\"elementor-icon-list-item elementor-inline-item\">\n\t\t\t\t\t\t\t\t\t\t\t<a href=\"https:\/\/www.facebook.com\/rtlpatat\" target=\"_blank\" rel=\"nofollow noopener\">\n\n\t\t\t\t\t\t\t\t\t\t\t\t<span class=\"elementor-icon-list-icon\">\n\t\t\t\t\t\t\t<svg xmlns=\"http:\/\/www.w3.org\/2000\/svg\" width=\"25.285\" height=\"25.285\" viewBox=\"0 0 25.285 25.285\"><g id=\"Group_643\" data-name=\"Group 643\" transform=\"translate(12650.285 -5342)\"><g id=\"Ellipse_47\" data-name=\"Ellipse 47\" transform=\"translate(-12650.285 5342)\" fill=\"none\" stroke=\"#99b3b1\" stroke-width=\"1\"><circle cx=\"12.643\" cy=\"12.643\" r=\"12.643\" stroke=\"none\"><\/circle><circle cx=\"12.643\" cy=\"12.643\" r=\"12.143\" fill=\"none\"><\/circle><\/g><path id=\"Path_309\" data-name=\"Path 309\" d=\"M5.823,50.048l-1.618,0A2.451,2.451,0,0,0,1.623,52.7v1.221H0v2.209H1.623l0,4.685H3.892l0-4.685H5.756V53.917H3.894V52.881c0-.5.118-.75.766-.75H5.818Z\" transform=\"translate(-12640.554 5299.215)\" fill=\"#99b3b1\"><\/path><\/g><\/svg>\t\t\t\t\t\t<\/span>\n\t\t\t\t\t\t\t\t\t\t<span class=\"elementor-icon-list-text\"><\/span>\n\t\t\t\t\t\t\t\t\t\t\t<\/a>\n\t\t\t\t\t\t\t\t\t<\/li>\n\t\t\t\t\t\t<\/ul>\n\t\t\t\t\t\t<\/div>\n\t\t\t\t<\/div>\n\t\t<div class=\"elementor-element elementor-element-5e3f215 e-con-full animated-slow e-flex elementor-invisible e-con e-child\" data-id=\"5e3f215\" data-element_type=\"container\" data-e-type=\"container\" data-settings=\"{&quot;animation&quot;:&quot;fadeIn&quot;,&quot;animation_tablet&quot;:&quot;fadeIn&quot;}\">\n\t\t\t\t<div class=\"elementor-element elementor-element-44b1301 elementor-button-align-end elementor-widget elementor-widget-form\" data-id=\"44b1301\" data-element_type=\"widget\" data-e-type=\"widget\" data-settings=\"{&quot;step_next_label&quot;:&quot;Next&quot;,&quot;step_previous_label&quot;:&quot;Previous&quot;,&quot;_animation&quot;:&quot;none&quot;,&quot;_animation_delay&quot;:200,&quot;dce_confirm_dialog_enabled&quot;:&quot;no&quot;,&quot;step_type&quot;:&quot;number_text&quot;,&quot;step_icon_shape&quot;:&quot;circle&quot;,&quot;label_icon_size&quot;:{&quot;unit&quot;:&quot;px&quot;,&quot;size&quot;:&quot;&quot;,&quot;sizes&quot;:[]},&quot;field_icon_size&quot;:{&quot;unit&quot;:&quot;px&quot;,&quot;size&quot;:&quot;&quot;,&quot;sizes&quot;:[]}}\" data-widget_type=\"form.default\">\n\t\t\t\t\t\t\t<form class=\"elementor-form\" method=\"post\" name=\"Contact form\" aria-label=\"Contact form\">\n\t\t\t<input type=\"hidden\" name=\"post_id\" value=\"26\"\/>\n\t\t\t<input type=\"hidden\" name=\"form_id\" value=\"44b1301\"\/>\n\t\t\t<input type=\"hidden\" name=\"referer_title\" value=\"\" \/>\n\n\t\t\t\n\t\t\t<div class=\"elementor-form-fields-wrapper elementor-labels-\">\n\t\t\t\t\t\t\t\t<div class=\"elementor-field-type-text elementor-field-group elementor-column elementor-field-group-name elementor-col-100 elementor-field-required\">\n\t\t\t\t\t\t\t\t\t\t\t\t<label for=\"form-field-name\" class=\"elementor-field-label elementor-screen-only\">\n\t\t\t\t\t\t\t\tNaam\t\t\t\t\t\t\t<\/label>\n\t\t\t\t\t\t\t\t\t\t\t\t\t\t<input size=\"1\" type=\"text\" name=\"form_fields[name]\" id=\"form-field-name\" class=\"elementor-field elementor-size-sm  elementor-field-textual\" placeholder=\"Naam\" required=\"required\">\n\t\t\t\t\t\t\t\t\t\t\t<\/div>\n\t\t\t\t\t\t\t\t<div class=\"elementor-field-type-email elementor-field-group elementor-column elementor-field-group-email elementor-col-100 elementor-field-required\">\n\t\t\t\t\t\t\t\t\t\t\t\t<label for=\"form-field-email\" class=\"elementor-field-label elementor-screen-only\">\n\t\t\t\t\t\t\t\tMailadres\t\t\t\t\t\t\t<\/label>\n\t\t\t\t\t\t\t\t\t\t\t\t\t\t<input size=\"1\" type=\"email\" name=\"form_fields[email]\" id=\"form-field-email\" class=\"elementor-field elementor-size-sm  elementor-field-textual\" placeholder=\"Mailadres\" required=\"required\">\n\t\t\t\t\t\t\t\t\t\t\t<\/div>\n\t\t\t\t\t\t\t\t<div class=\"elementor-field-type-tel elementor-field-group elementor-column elementor-field-group-field_8bede55 elementor-col-100\">\n\t\t\t\t\t\t\t\t\t\t\t\t<label for=\"form-field-field_8bede55\" class=\"elementor-field-label elementor-screen-only\">\n\t\t\t\t\t\t\t\tTelefoon\t\t\t\t\t\t\t<\/label>\n\t\t\t\t\t\t\t\t<input size=\"1\" type=\"tel\" name=\"form_fields[field_8bede55]\" id=\"form-field-field_8bede55\" class=\"elementor-field elementor-size-sm  elementor-field-textual\" placeholder=\"Telefoon\" pattern=\"[0-9()#&amp;+*-=.]+\" title=\"Seuls les caract\u00e8res de num\u00e9ros de t\u00e9l\u00e9phone (#, -, *, etc.) sont accept\u00e9s.\">\n\n\t\t\t\t\t\t<\/div>\n\t\t\t\t\t\t\t\t<div class=\"elementor-field-type-textarea elementor-field-group elementor-column elementor-field-group-message elementor-col-100 elementor-field-required\">\n\t\t\t\t\t\t\t\t\t\t\t\t<label for=\"form-field-message\" class=\"elementor-field-label elementor-screen-only\">\n\t\t\t\t\t\t\t\tBericht\t\t\t\t\t\t\t<\/label>\n\t\t\t\t\t\t<textarea class=\"elementor-field-textual elementor-field  elementor-size-sm\" name=\"form_fields[message]\" id=\"form-field-message\" rows=\"7\" placeholder=\"Bericht\" required=\"required\"><\/textarea>\t\t\t\t<\/div>\n\t\t\t\t\t\t\t\t<div class=\"elementor-field-type-recaptcha_v3 elementor-field-group elementor-column elementor-field-group-field_152a0e2 elementor-col-100 recaptcha_v3-bottomright\">\n\t\t\t\t\t<div class=\"elementor-field\" id=\"form-field-field_152a0e2\"><div class=\"elementor-g-recaptcha\" data-sitekey=\"6Lci_hksAAAAAPjnF5ctYFYzzEqK_yNA0zG6VFaN\" data-type=\"v3\" data-action=\"Form\" data-badge=\"bottomright\" data-size=\"invisible\"><\/div><\/div>\t\t\t\t<\/div>\n\t\t\t\t\t\t\t\t<div class=\"elementor-field-group elementor-column elementor-field-type-submit elementor-col-100 e-form__buttons\">\n\t\t\t\t\t<button class=\"elementor-button elementor-size-sm\" type=\"submit\">\n\t\t\t\t\t\t<span class=\"elementor-button-content-wrapper\">\n\t\t\t\t\t\t\t\t\t\t\t\t\t\t\t\t\t\t\t\t\t\t<span class=\"elementor-button-text\">verzenden<\/span>\n\t\t\t\t\t\t\t\t\t\t\t\t\t<\/span>\n\t\t\t\t\t<\/button>\n\t\t\t\t<\/div>\n\t\t\t<\/div>\n\t\t<\/form>\n\t\t\t\t\t\t<\/div>\n\t\t\t\t<\/div>\n\t\t\t\t\t<\/div>\n\t\t\t\t<\/div>\n\t\t<div data-dce-background-image-url=\"https:\/\/staging.rtlfoods.fr\/wp-content\/uploads\/2025\/11\/vast-potato-field-with-lush-green-bushes-under-bri-2025-02-02-11-51-17-utc-kopie-scaled.jpg\" class=\"elementor-element elementor-element-2fc5008 e-con-full e-flex e-con e-parent\" data-id=\"2fc5008\" data-element_type=\"container\" data-e-type=\"container\" data-settings=\"{&quot;background_background&quot;:&quot;classic&quot;,&quot;background_motion_fx_motion_fx_scrolling&quot;:&quot;yes&quot;,&quot;background_motion_fx_translateY_effect&quot;:&quot;yes&quot;,&quot;background_motion_fx_translateY_speed&quot;:{&quot;unit&quot;:&quot;px&quot;,&quot;size&quot;:5,&quot;sizes&quot;:[]},&quot;background_motion_fx_translateY_affectedRange&quot;:{&quot;unit&quot;:&quot;%&quot;,&quot;size&quot;:&quot;&quot;,&quot;sizes&quot;:{&quot;start&quot;:0,&quot;end&quot;:100}},&quot;background_motion_fx_devices&quot;:[&quot;desktop&quot;,&quot;tablet&quot;,&quot;mobile&quot;]}\">\n\t\t\t\t<\/div>\n\t\t\t\t<\/div>\n\t\t","protected":false},"excerpt":{"rendered":"<p>Neem contact op met ons. Je kan ons bereiken op Tel: +33 1 89 88 42 60GSM: +32 499 53 68 88 rik@rtlpatat.beremy@rtlpatat.be Adres 14-16 ZAC Chemin de laCavale rouge59250 Halluin (France)BTW BE 0480672315<\/p>","protected":false},"author":3,"featured_media":299,"parent":0,"menu_order":4,"comment_status":"closed","ping_status":"closed","template":"elementor_header_footer","meta":{"_acf_changed":false,"footnotes":""},"class_list":["post-26","page","type-page","status-publish","has-post-thumbnail","hentry"],"acf":[],"_links":{"self":[{"href":"https:\/\/rtlfoods.fr\/fr\/wp-json\/wp\/v2\/pages\/26","targetHints":{"allow":["GET"]}}],"collection":[{"href":"https:\/\/rtlfoods.fr\/fr\/wp-json\/wp\/v2\/pages"}],"about":[{"href":"https:\/\/rtlfoods.fr\/fr\/wp-json\/wp\/v2\/types\/page"}],"author":[{"embeddable":true,"href":"https:\/\/rtlfoods.fr\/fr\/wp-json\/wp\/v2\/users\/3"}],"replies":[{"embeddable":true,"href":"https:\/\/rtlfoods.fr\/fr\/wp-json\/wp\/v2\/comments?post=26"}],"version-history":[{"count":0,"href":"https:\/\/rtlfoods.fr\/fr\/wp-json\/wp\/v2\/pages\/26\/revisions"}],"wp:featuredmedia":[{"embeddable":true,"href":"https:\/\/rtlfoods.fr\/fr\/wp-json\/wp\/v2\/media\/299"}],"wp:attachment":[{"href":"https:\/\/rtlfoods.fr\/fr\/wp-json\/wp\/v2\/media?parent=26"}],"curies":[{"name":"wp","href":"https:\/\/api.w.org\/{rel}","templated":true}]}}